{"id":1143,"date":"2025-07-04T01:20:22","date_gmt":"2025-07-04T07:20:22","guid":{"rendered":"https:\/\/integrity.edu.mx\/aviso-de-privacidad\/"},"modified":"2025-12-16T11:29:26","modified_gmt":"2025-12-16T17:29:26","slug":"privacy-notice","status":"publish","type":"page","link":"https:\/\/integrity.edu.mx\/en\/privacy-notice\/","title":{"rendered":"Privacy Notice"},"content":{"rendered":"\n<div class=\"wp-block-bioxnet-wrap wrap-columns wp-block alignundefined are-vertically-aligned-undefined pd-t-60 pdm-t-60 pd-b-60 pdm-b-60 pd-r-0 pdm-r-0 pd-l-0 pdm-l-0 is-layout-flow wp-block-bioxnet-wrap-is-layout-flow\">\n<div class=\"wp-block-bioxnet-columns columns content-column-center is-gap-0 is-layout-flow wp-block-bioxnet-columns-is-layout-flow\">\n<div class=\"column if-not-wide are-vertically-aligned-top text-alignment-left text-alignment-mobile-none mr-t-0 mrm-t-0 mr-b-0 mrm-b-0 pd-t-15 pdm-t-15 pd-b-15 pdm-b-15 pd-r-15 pdm-r-15 pd-l-15 pdm-l-15  order-none order-none-mobile false\"><div class=\"wp-block-bioxnet-column InnerColumn\">\n<h2 class=\"wp-block-heading\">Privacy Notice<\/h2>\n\n\n\n<p><\/p>\n\n\n\n<p><\/p>\n\n\n\n<p><strong>1. \u00bfQui\u00e9nes somos y c\u00f3mo contactarnos?<\/strong><\/p>\n\n\n\n<p><strong>Integrity School A.C.<\/strong> (en adelante &#8220;el Colegio&#8221;), con domicilio en <strong>Boulevard Hidalgo No. 200 Col. San Jos\u00e9 en Reynosa Tamaulipas, M\u00e9xico (C.P. 88748)<\/strong>, es el responsable del tratamiento de sus datos personales. <\/p>\n\n\n\n<p>Nuestra \u00e1rea Administrativa se encuentra en el mismo domicilio y puede contactarnos en el correo electr\u00f3nico <a href=\"mailto:info@integrity.edu.mx\"><strong>info@integrity.edu.mx<\/strong><\/a>.<\/p>\n\n\n\n<p><\/p>\n\n\n\n<p><strong>2. \u00bfQu\u00e9 datos personales recabamos?<\/strong><\/p>\n\n\n\n<p>Para poder ofrecer nuestros servicios educativos, recabamos los siguientes datos:<\/p>\n\n\n\n<ul class=\"wp-block-list\">\n<li><strong>Datos de identificaci\u00f3n y contacto:<\/strong> Nombre del alumno y tutores, fecha de nacimiento, CURP, acta de nacimiento, fotograf\u00edas, domicilio, tel\u00e9fono, correo electr\u00f3nico, etc.<\/li>\n\n\n\n<li><strong>Datos acad\u00e9micos:<\/strong> Calificaciones, historial escolar, evaluaciones, etc.<\/li>\n\n\n\n<li><strong>Datos de salud:<\/strong> Informaci\u00f3n m\u00e9dica relevante para la seguridad y bienestar del alumno.<\/li>\n\n\n\n<li><strong>Datos financieros y laborales:<\/strong> Informaci\u00f3n de facturaci\u00f3n y pagos, y datos laborales de los tutores.<\/li>\n<\/ul>\n\n\n\n<p><strong>Consentimiento para Datos Sensibles:<\/strong><\/p>\n\n\n\n<p>En caso de requerir informaci\u00f3n considerada como <strong>datos personales sensibles<\/strong> (por ejemplo, datos de salud), solicitaremos su consentimiento expreso. Nos comprometemos a tratarlos con las m\u00e1s estrictas medidas de seguridad para garantizar su confidencialidad. <\/p>\n\n\n\n<p><\/p>\n\n\n\n<p><strong>3. \u00bfPara qu\u00e9 fines usamos sus datos?<\/strong><\/p>\n\n\n\n<p>Utilizamos sus datos para dos tipos de fines:<\/p>\n\n\n\n<ul class=\"wp-block-list\">\n<li><strong>Fines principales y necesarios:<\/strong>\n<ul class=\"wp-block-list\">\n<li>Inscribir al alumno y gestionar su expediente acad\u00e9mico.<\/li>\n\n\n\n<li>Mantener la comunicaci\u00f3n con padres y tutores.<\/li>\n\n\n\n<li>Administrar los pagos y la facturaci\u00f3n.<\/li>\n\n\n\n<li>Cumplir con nuestras obligaciones legales ante la Secretar\u00eda de Educaci\u00f3n P\u00fablica (SEP).<\/li>\n\n\n\n<li>Garantizar la seguridad y el bienestar de los alumnos.<\/li>\n<\/ul>\n<\/li>\n\n\n\n<li><strong>Fines secundarios y no indispensables:<\/strong>\n<ul class=\"wp-block-list\">\n<li>Promocionar eventos escolares.<\/li>\n\n\n\n<li>Enviar informaci\u00f3n sobre nuevos programas o servicios educativos.<\/li>\n\n\n\n<li>Publicar logros y boletines informativos del colegio.<\/li>\n<\/ul>\n<\/li>\n<\/ul>\n\n\n\n<p>Usted puede oponerse a que sus datos se utilicen para estos fines secundarios.<\/p>\n\n\n\n<p><\/p>\n\n\n\n<p><strong>4. \u00bfC\u00f3mo ejercer sus derechos (ARCO) o revocar su consentimiento?<\/strong><\/p>\n\n\n\n<p>Usted tiene el derecho de <strong>A<\/strong>cceder, <strong>R<\/strong>ectificar, <strong>C<\/strong>ancelar u <strong>O<\/strong>ponerse al uso de sus datos personales. Adem\u00e1s, puede <strong>revocar el consentimiento<\/strong> que nos haya otorgado para su tratamiento. <\/p>\n\n\n\n<p>Para ejercer cualquiera de estos derechos, por favor env\u00ede su solicitud por escrito al correo electr\u00f3nico: <a href=\"mailto:info@integrity.edu.mx\"><strong>info@integrity.edu.mx<\/strong><\/a>. <\/p>\n\n\n\n<p>Su solicitud debe incluir:<\/p>\n\n\n\n<ul class=\"wp-block-list\">\n<li>Su nombre completo y el del alumno.<\/li>\n\n\n\n<li>Una copia de su identificaci\u00f3n oficial.<\/li>\n\n\n\n<li>Una descripci\u00f3n clara del derecho que desea ejercer.<\/li>\n\n\n\n<li>Cualquier informaci\u00f3n que nos ayude a localizar sus datos.<\/li>\n<\/ul>\n\n\n\n<p>Le informaremos sobre el proceso y los plazos para dar seguimiento a su solicitud.<\/p>\n\n\n\n<p><\/p>\n\n\n\n<p><strong>5. \u00bfTransferimos sus datos a terceros?<\/strong><\/p>\n\n\n\n<p>No transferimos sus datos personales a terceros, a menos que sea legalmente requerido (por ejemplo, con la SEP) o si usted otorga su consentimiento expreso para una emergencia m\u00e9dica. Para cumplir con los fines mencionados, sus datos podr\u00e1n ser \u00fanicamente gestionados por personal del Colegio que tenga la calidad de &#8220;Encargado&#8221;. <\/p>\n\n\n\n<p><\/p>\n\n\n\n<p><strong>6. \u00bfC\u00f3mo protegemos sus datos?<\/strong><\/p>\n\n\n\n<p>Hemos implementado medidas de seguridad administrativas, t\u00e9cnicas y f\u00edsicas para proteger sus datos personales contra cualquier uso, da\u00f1o, p\u00e9rdida, alteraci\u00f3n o acceso no autorizado.<\/p>\n\n\n\n<p><\/p>\n\n\n\n<p><strong>7. Uso de tecnolog\u00edas de seguimiento (Cookies)<\/strong><\/p>\n\n\n\n<p>Nuestro sitio web utiliza tecnolog\u00edas como las <strong>cookies<\/strong> para mejorar su experiencia en l\u00ednea y obtener datos estad\u00edsticos sobre el uso de nuestra p\u00e1gina. Puede deshabilitar estas tecnolog\u00edas en la configuraci\u00f3n de su navegador, aunque esto podr\u00eda afectar el funcionamiento de algunas secciones del sitio. <\/p>\n\n\n\n<p><\/p>\n\n\n\n<p><strong>8. Cambios a este Aviso de Privacidad<\/strong><\/p>\n\n\n\n<p>Nos reservamos el derecho de modificar o actualizar este aviso en cualquier momento para adaptarnos a nuevas legislaciones o pol\u00edticas internas. Le informaremos sobre cualquier cambio a trav\u00e9s de nuestro sitio web oficial <strong>www.integrity.edu.mx<\/strong> o por los mismos medios que utilizamos para contactarlo. <\/p>\n\n\n\n<p><\/p>\n\n\n\n<p><strong>9. \u00bfA d\u00f3nde puede acudir si tiene una queja?<\/strong><\/p>\n\n\n\n<p>Si considera que su derecho a la protecci\u00f3n de datos personales ha sido violado por nuestra parte, puede presentar una queja o denuncia ante el <strong>Instituto Nacional de Transparencia, Acceso a la Informaci\u00f3n y Protecci\u00f3n de Datos Personales (INAI)<\/strong>. <\/p>\n\n\n\n<p><\/p>\n\n\n\n<p>Para m\u00e1s informaci\u00f3n, visite <strong>www.inai.org.mx<\/strong>.<\/p>\n\n\n\n<p>Ultima modificaci\u00f3n 1 de Septiembre 2025<\/p>\n<\/div><\/div>\n<\/div>\n<\/div>\n","protected":false},"excerpt":{"rendered":"","protected":false},"author":1,"featured_media":0,"parent":0,"menu_order":0,"comment_status":"closed","ping_status":"open","template":"","meta":{"scripts_individual_header":"","scripts_individual_body":"","scripts_individual_footer":"","activar_header_absoluto":false,"footnotes":""},"class_list":["post-1143","page","type-page","status-publish","hentry"],"_links":{"self":[{"href":"https:\/\/integrity.edu.mx\/en\/wp-json\/wp\/v2\/pages\/1143","targetHints":{"allow":["GET"]}}],"collection":[{"href":"https:\/\/integrity.edu.mx\/en\/wp-json\/wp\/v2\/pages"}],"about":[{"href":"https:\/\/integrity.edu.mx\/en\/wp-json\/wp\/v2\/types\/page"}],"author":[{"embeddable":true,"href":"https:\/\/integrity.edu.mx\/en\/wp-json\/wp\/v2\/users\/1"}],"replies":[{"embeddable":true,"href":"https:\/\/integrity.edu.mx\/en\/wp-json\/wp\/v2\/comments?post=1143"}],"version-history":[{"count":7,"href":"https:\/\/integrity.edu.mx\/en\/wp-json\/wp\/v2\/pages\/1143\/revisions"}],"predecessor-version":[{"id":1267,"href":"https:\/\/integrity.edu.mx\/en\/wp-json\/wp\/v2\/pages\/1143\/revisions\/1267"}],"wp:attachment":[{"href":"https:\/\/integrity.edu.mx\/en\/wp-json\/wp\/v2\/media?parent=1143"}],"curies":[{"name":"wp","href":"https:\/\/api.w.org\/{rel}","templated":true}]}}